{"id":2653,"date":"2026-04-17T13:06:51","date_gmt":"2026-04-17T17:06:51","guid":{"rendered":"https:\/\/paivabetonpavage.com\/installation-piscine-creusee-outaouais\/"},"modified":"2026-04-22T13:34:36","modified_gmt":"2026-04-22T17:34:36","slug":"in-ground-pool-installation-outaouais","status":"publish","type":"page","link":"https:\/\/paivabetonpavage.com\/en\/in-ground-pool-installation-outaouais\/","title":{"rendered":"In-ground pool installation in Outaouais"},"content":{"rendered":"<section class=\"wpb-content-wrapper\"><p>[vc_row][vc_column][vc_single_image image=&#8221;2615&#8243; img_size=&#8221;1200&#215;300&#8243; style=&#8221;vc_box_shadow&#8221; onclick=&#8221;link_image&#8221;][vc_column_text]<\/p>\n<h1>Excavation, installation, and turnkey landscaping<\/h1>\n<h3 data-section-id=\"14cpmvd\" data-start=\"285\" data-end=\"327\">Treat yourself to a backyard worthy of a resort<\/h3>\n<p data-start=\"0\" data-end=\"169\">Installing an in-ground pool is a major investment. To achieve a durable, aesthetically pleasing, and problem-free result, every step must be carried out with precision.<\/p>\n<p data-start=\"171\" data-end=\"412\" data-is-last-node=\"\" data-is-only-node=\"\">At <strong>ABL Construction Paiva<\/strong>, we offer a complete in-ground pool installation service in the Outaouais region. From excavation and base preparation to the final landscaping, our team supports you every step of the way for a stress-free project.<\/p>\n<p>[\/vc_column_text][vc_row_inner][vc_column_inner width=&#8221;1\/2&#8243; offset=&#8221;vc_col-md-3&#8243;][vc_single_image image=&#8221;2617&#8243; img_size=&#8221;full&#8221; alignment=&#8221;center&#8221; style=&#8221;vc_box_shadow_3d&#8221; onclick=&#8221;link_image&#8221;][\/vc_column_inner][vc_column_inner width=&#8221;1\/2&#8243; offset=&#8221;vc_col-md-3&#8243;][vc_single_image image=&#8221;2611&#8243; img_size=&#8221;full&#8221; alignment=&#8221;center&#8221; style=&#8221;vc_box_shadow_3d&#8221; onclick=&#8221;link_image&#8221;][\/vc_column_inner][vc_column_inner width=&#8221;1\/2&#8243; offset=&#8221;vc_col-md-3&#8243;][vc_single_image image=&#8221;2613&#8243; img_size=&#8221;full&#8221; alignment=&#8221;center&#8221; style=&#8221;vc_box_shadow_3d&#8221; onclick=&#8221;link_image&#8221;][\/vc_column_inner][vc_column_inner width=&#8221;1\/2&#8243; offset=&#8221;vc_col-md-3&#8243;][vc_single_image image=&#8221;2230&#8243; img_size=&#8221;full&#8221; alignment=&#8221;center&#8221; style=&#8221;vc_box_shadow_3d&#8221; onclick=&#8221;link_image&#8221;][\/vc_column_inner][\/vc_row_inner][vc_row_inner][vc_column_inner][vc_column_text]<\/p>\n<h1>In-ground pool installation: a controlled process<\/h1>\n<p>[\/vc_column_text]<div class=\"accordion_container\">\r\n\t\t\t<div class=\"accordion_head\">\r\n\t\t\t\t1. Analyse du terrain et pr\u00e9paration\r\n\t\t\t\t<span class=\"plusminus\">-<\/span>\r\n\t\t\t<\/div>\r\n            <div class=\"accordion_body\" style=\"\">\r\n            \t<p>Chaque projet d\u00e9bute par une \u00e9valuation compl\u00e8te du terrain : Type de sol (argile, sable, roc), niveau du terrain, drainage naturel et acc\u00e8s au chantier.\n\nCette \u00e9tape est essentielle pour \u00e9viter les probl\u00e8mes futurs comme les affaissements ou l\u2019accumulation d\u2019eau.<\/p>\r\n            <\/div>\r\n\t\t\t<div class=\"accordion_head\">\r\n\t\t\t\t2. Excavation pour piscine creus\u00e9e\r\n\t\t\t\t<span class=\"plusminus\">+<\/span>\r\n\t\t\t<\/div>\r\n            <div class=\"accordion_body\" style=\"display: none;\">\r\n            \t<p>L\u2019excavation est r\u00e9alis\u00e9e avec pr\u00e9cision selon les dimensions exactes de votre piscine.\nNous assurons : Creusage conforme aux plans, gestion des d\u00e9blais, stabilisation du fond d\u2019excavation et respect des normes.\n\nUne excavation mal ex\u00e9cut\u00e9e peut compromettre toute l\u2019installation.\n\nBordures : Installez des bordures en b\u00e9ton ou en plastique autour de la zone pour d\u00e9finir les limites du pav\u00e9-uni et emp\u00eacher le d\u00e9placement des pav\u00e9s.<\/p>\r\n            <\/div>\r\n\t\t\t<div class=\"accordion_head\">\r\n\t\t\t\t3. Pr\u00e9paration de la base\r\n\t\t\t\t<span class=\"plusminus\">+<\/span>\r\n\t\t\t<\/div>\r\n            <div class=\"accordion_body\" style=\"display: none;\">\r\n            \t<p>La base de votre piscine est l\u2019\u00e9l\u00e9ment cl\u00e9 de sa durabilit\u00e9. Nous r\u00e9alisons : Base en pierre ou sable compact\u00e9, mise \u00e0 niveau parfaite, compaction professionnelle et ajustement selon le type de piscine. Une base solide = une piscine stable pendant des ann\u00e9es<\/p>\r\n            <\/div>\r\n\t\t\t<div class=\"accordion_head\">\r\n\t\t\t\t4. Mise en place de la piscine\r\n\t\t\t\t<span class=\"plusminus\">+<\/span>\r\n\t\t\t<\/div>\r\n            <div class=\"accordion_body\" style=\"display: none;\">\r\n            \t<p>Nous collaborons avec les installateurs ou prenons en charge certaines \u00e9tapes selon votre projet. Positionnement pr\u00e9cis, ajustement du terrain, support structurel et pr\u00e9paration pour les installations techniques.<\/p>\r\n            <\/div>\r\n\t\t\t<div class=\"accordion_head\">\r\n\t\t\t\t5. Dalle de b\u00e9ton et \u00e9quipements\r\n\t\t\t\t<span class=\"plusminus\">+<\/span>\r\n\t\t\t<\/div>\r\n            <div class=\"accordion_body\" style=\"display: none;\">\r\n            \t<p>Nous r\u00e9alisons \u00e9galement les installations n\u00e9cessaires autour de votre piscine : Dalle de b\u00e9ton pour pompe et chauffe-eau, base pour \u00e9quipements et stabilisation des installations.<\/p>\r\n            <\/div>\r\n\t\t\t<div class=\"accordion_head\">\r\n\t\t\t\t6. Am\u00e9nagement ext\u00e9rieur autour de la piscine\r\n\t\t\t\t<span class=\"plusminus\">+<\/span>\r\n\t\t\t<\/div>\r\n            <div class=\"accordion_body\" style=\"display: none;\">\r\n            \t<p>Une piscine ne se limite pas au bassin. Nous cr\u00e9ons un environnement complet :\nPav\u00e9 uni autour de la piscine b\u00e9ton d\u00e9coratif ou estamp\u00e9, terrasse et espaces d\u00e9tente.\n<\/p>\r\n            <\/div><\/div>[\/vc_column_inner][\/vc_row_inner][vc_column_text css=&#8221;.vc_custom_1776879267737{padding-top: 40px !important;}&#8221;]<\/p>\n<h2 data-start=\"0\" data-end=\"38\">WHY CHOOSE ABL CONSTRUCTION PAIVA?<\/h2>\n<p data-start=\"40\" data-end=\"127\">\u2714 <strong data-start=\"42\" data-end=\"64\">COMPLETE EXPERTISE<\/strong><br data-start=\"64\" data-end=\"67\" \/>We specialize in excavation, concrete work, and landscaping.<\/p>\n<p data-start=\"129\" data-end=\"204\">\u2714 <strong data-start=\"131\" data-end=\"150\">TURNKEY SERVICE<\/strong><br data-start=\"150\" data-end=\"153\" \/>A single point of contact to simplify your project.<\/p>\n<p data-start=\"206\" data-end=\"281\">\u2714 <strong data-start=\"208\" data-end=\"232\">LONG-LASTING QUALITY<\/strong><br data-start=\"232\" data-end=\"235\" \/>We use techniques adapted to Quebec\u2019s climate.<\/p>\n<p data-start=\"283\" data-end=\"376\" data-is-last-node=\"\" data-is-only-node=\"\">\u2714 <strong data-start=\"285\" data-end=\"310\">PERSONALIZED APPROACH<\/strong><br data-start=\"310\" data-end=\"313\" \/>Each project is designed based on your property and your needs.<\/p>\n<p>[\/vc_column_text][vc_row_inner css=&#8221;.vc_custom_1776445102516{background-color: #efefef !important;}&#8221;][vc_column_inner offset=&#8221;vc_col-md-6&#8243;][vc_column_text]<\/p>\n<h1 data-section-id=\"dgfg7a\" data-start=\"3464\" data-end=\"3486\">A custom-designed project<\/h1>\n<p data-start=\"0\" data-end=\"48\">Every yard is unique. We tailor your project to:<\/p>\n<ul>\n<li data-start=\"50\" data-end=\"174\">Maximize available space<\/li>\n<li data-start=\"50\" data-end=\"174\">Ensure smooth flow and circulation<\/li>\n<li data-start=\"50\" data-end=\"174\">Create an aesthetically pleasing design<\/li>\n<li data-start=\"50\" data-end=\"174\">Reduce maintenance<\/li>\n<\/ul>\n<p>[\/vc_column_text][\/vc_column_inner][vc_column_inner offset=&#8221;vc_col-md-6&#8243;][vc_column_text]<\/p>\n<h1 data-section-id=\"qr2xsv\" data-start=\"3677\" data-end=\"3704\">Types of projects completed<\/h1>\n<ul data-start=\"3706\" data-end=\"3894\">\n<li data-section-id=\"yry3w3\" data-start=\"3706\" data-end=\"3755\">Residential in-ground pool installation<\/li>\n<li data-section-id=\"yry3w3\" data-start=\"3706\" data-end=\"3755\">Complete site preparation<\/li>\n<li data-section-id=\"yry3w3\" data-start=\"3706\" data-end=\"3755\">Poolside landscaping<\/li>\n<li data-section-id=\"yry3w3\" data-start=\"3706\" data-end=\"3755\">Concrete slabs and bases for equipment<\/li>\n<li data-section-id=\"yry3w3\" data-start=\"3706\" data-end=\"3755\">New construction and renovation projects<\/li>\n<\/ul>\n<p>[\/vc_column_text][\/vc_column_inner][\/vc_row_inner][vc_empty_space height=&#8221;30px&#8221;][\/vc_column][\/vc_row][vc_row full_width=&#8221;stretch_row&#8221; css=&#8221;.vc_custom_1691352336376{background-color: #086bb1 !important;}&#8221;][vc_column width=&#8221;1\/2&#8243; css=&#8221;.vc_custom_1577768430638{padding-top: 0px !important;}&#8221;]<div class=\"sk-space\" id=\"sk-space-115075631069ef8dd96a1a3\"><\/div><style>#sk-space-115075631069ef8dd96a1a3{height:40px;}<\/style>[vc_single_image image=&#8221;2326&#8243; img_size=&#8221;800X400&#8243;][\/vc_column][vc_column width=&#8221;1\/2&#8243;][vc_cta h2=&#8221;Request your free quote&#8221; add_button=&#8221;bottom&#8221; btn_title=&#8221;Book your installation today.&#8221; btn_style=&#8221;outline&#8221; btn_shape=&#8221;square&#8221; btn_color=&#8221;primary&#8221; btn_link=&#8221;url:https%3A%2F%2Fpaivabetonpavage.com%2Fen%2Fcontact-us%2F|title:Estimation%20gratuite&#8221;]\ud83d\udcac Tell us about your project<br data-start=\"29\" data-end=\"32\" \/>\ud83d\udcde Fast response<br data-start=\"48\" data-end=\"51\" \/>\ud83d\udcc5 Limited availability for the season[\/vc_cta][\/vc_column][\/vc_row][vc_row][vc_column][vc_column_text]<\/p>\n<h3>FAQ \u2013 In-ground pool installation<\/h3>\n<h5 data-section-id=\"plyle5\" data-start=\"4184\" data-end=\"4251\"><\/h5>\n<p data-start=\"39\" data-end=\"281\"><strong data-start=\"39\" data-end=\"106\">HOW MUCH DOES AN IN-GROUND POOL INSTALLATION COST IN OUTAOUAIS?<\/strong><br data-start=\"106\" data-end=\"109\" \/>The cost varies depending on several factors: pool type, terrain conditions, excavation, access, and landscaping. A personalized estimate is required for an accurate price.<\/p>\n<p data-start=\"283\" data-end=\"460\"><strong data-start=\"283\" data-end=\"323\">HOW LONG DOES THE INSTALLATION TAKE?<\/strong><br data-start=\"323\" data-end=\"326\" \/>A complete installation can take anywhere from a few days to several weeks, depending on the project\u2019s complexity and site conditions.<\/p>\n<p data-start=\"462\" data-end=\"636\"><strong data-start=\"462\" data-end=\"505\">ARE ALL PROPERTIES SUITABLE FOR A POOL?<\/strong><br data-start=\"505\" data-end=\"508\" \/>Most properties can accommodate a pool, but some may require additional work such as blasting or specialized drainage solutions.<\/p>\n<p data-start=\"638\" data-end=\"752\"><strong data-start=\"638\" data-end=\"671\">DO YOU OFFER TURNKEY SERVICE?<\/strong><br data-start=\"671\" data-end=\"674\" \/>Yes, we handle all stages of the project, from excavation to full landscaping.<\/p>\n<p data-start=\"754\" data-end=\"908\"><strong data-start=\"754\" data-end=\"802\">WHAT IS THE BEST BASE FOR AN IN-GROUND POOL?<\/strong><br data-start=\"802\" data-end=\"805\" \/>A properly compacted stone or sand base is essential to ensure pool stability and long-term durability.<\/p>\n<p data-start=\"910\" data-end=\"1065\" data-is-last-node=\"\" data-is-only-node=\"\"><strong data-start=\"910\" data-end=\"954\">IS LANDSCAPING AROUND THE POOL INCLUDED?<\/strong><br data-start=\"954\" data-end=\"957\" \/>We offer complete services including interlocking pavers, decorative concrete, and full outdoor landscaping.<\/p>\n<p>[\/vc_column_text][\/vc_column][\/vc_row][vc_row full_width=&#8221;stretch_row&#8221; css=&#8221;.vc_custom_1692101121474{background-color: #eaeaea !important;}&#8221;][vc_column width=&#8221;1\/4&#8243;][\/vc_column][vc_column width=&#8221;1\/4&#8243;][vc_single_image image=&#8221;2382&#8243; img_size=&#8221;50&#215;50&#8243; alignment=&#8221;center&#8221; onclick=&#8221;custom_link&#8221; img_link_target=&#8221;_blank&#8221; link=&#8221;https:\/\/www.facebook.com\/profile.php?id=100086966291290&#8243;][vc_column_text]<\/p>\n<h6 style=\"text-align: center;\"><a href=\"https:\/\/www.facebook.com\/profile.php?id=100086966291290\" target=\"_blank\" rel=\"noopener\"><strong>CONSTRUCTION ABL PAIVA<\/strong><\/a><\/h6>\n<p>[\/vc_column_text][\/vc_column][vc_column width=&#8221;1\/4&#8243;][vc_single_image image=&#8221;2383&#8243; img_size=&#8221;50&#215;50&#8243; alignment=&#8221;center&#8221; onclick=&#8221;custom_link&#8221; img_link_target=&#8221;_blank&#8221; link=&#8221;https:\/\/www.youtube.com\/channel\/UCLZpu5JTUsznNadaW19eFEA&#8221;][vc_column_text]<\/p>\n<h6 style=\"text-align: center;\"><a href=\"https:\/\/www.youtube.com\/channel\/UCLZpu5JTUsznNadaW19eFEA\" target=\"_blank\" rel=\"noopener\"><strong>GROUPE PAIVA<\/strong><\/a><\/h6>\n<p>[\/vc_column_text][\/vc_column][vc_column width=&#8221;1\/4&#8243;][\/vc_column][\/vc_row]<\/p>\n<\/section>","protected":false},"excerpt":{"rendered":"<p>[vc_row][vc_column][vc_single_image image=&#8221;2615&#8243; img_size=&#8221;1200&#215;300&#8243; style=&#8221;vc_box_shadow&#8221; onclick=&#8221;link_image&#8221;][vc_column_text] Excavation, installation, and turnkey landscaping Treat yourself to a backyard worthy of a resort Installing an in-ground pool is a major investment. To achieve a durable, aesthetically pleasing, and problem-free result, every step must be carried out with precision. At ABL Construction Paiva, we offer a complete in-ground pool installation [&hellip;]<\/p>\n","protected":false},"author":2,"featured_media":2213,"parent":0,"menu_order":0,"comment_status":"closed","ping_status":"closed","template":"","meta":{"_monsterinsights_skip_tracking":false,"_monsterinsights_sitenote_active":false,"_monsterinsights_sitenote_note":"","_monsterinsights_sitenote_category":0,"footnotes":""},"class_list":["post-2653","page","type-page","status-publish","has-post-thumbnail","hentry"],"_links":{"self":[{"href":"https:\/\/paivabetonpavage.com\/en\/wp-json\/wp\/v2\/pages\/2653","targetHints":{"allow":["GET"]}}],"collection":[{"href":"https:\/\/paivabetonpavage.com\/en\/wp-json\/wp\/v2\/pages"}],"about":[{"href":"https:\/\/paivabetonpavage.com\/en\/wp-json\/wp\/v2\/types\/page"}],"author":[{"embeddable":true,"href":"https:\/\/paivabetonpavage.com\/en\/wp-json\/wp\/v2\/users\/2"}],"replies":[{"embeddable":true,"href":"https:\/\/paivabetonpavage.com\/en\/wp-json\/wp\/v2\/comments?post=2653"}],"version-history":[{"count":10,"href":"https:\/\/paivabetonpavage.com\/en\/wp-json\/wp\/v2\/pages\/2653\/revisions"}],"predecessor-version":[{"id":2677,"href":"https:\/\/paivabetonpavage.com\/en\/wp-json\/wp\/v2\/pages\/2653\/revisions\/2677"}],"wp:featuredmedia":[{"embeddable":true,"href":"https:\/\/paivabetonpavage.com\/en\/wp-json\/wp\/v2\/media\/2213"}],"wp:attachment":[{"href":"https:\/\/paivabetonpavage.com\/en\/wp-json\/wp\/v2\/media?parent=2653"}],"curies":[{"name":"wp","href":"https:\/\/api.w.org\/{rel}","templated":true}]}}